{"id":38,"date":"2013-03-18T15:01:32","date_gmt":"2013-03-18T13:01:32","guid":{"rendered":"http:\/\/www.studentenwohnheim-julius-kuehn.de\/?page_id=38"},"modified":"2021-08-21T08:48:45","modified_gmt":"2021-08-21T06:48:45","slug":"fragen-antworten","status":"publish","type":"page","link":"https:\/\/www.studentenwohnheim-julius-kuehn.de\/?page_id=38","title":{"rendered":"Fragen? Antworten!"},"content":{"rendered":"<p>F: Wem geh\u00f6rt das Wohnheim?<br \/>\nA: Eigent\u00fcmer ist die Studentenwohnheim Genossenschaft eG, Betreiber Studentenwohnheim Julius K\u00fchn e. V.<\/p>\n<p>F: Muss ich Genossenschafts-Anteile erwerben?<br \/>\nA: Nein<\/p>\n<p>F: Wie, nein?<br \/>\nA: Die Genossenschaft besteht aus &#8222;Ehemaligen&#8220;, die auf diese Weise etwas an die Nachfolgenden zur\u00fcckgeben. Ein umgekehrter Generationenvertrag quasi.<\/p>\n<p>F: Wer kann ein Zimmer im Wohnheim mieten?<br \/>\nA: M\u00e4nnliche Studenten der G\u00f6ttinger Hochschulen k\u00f6nnen ein Zimmer mieten.<\/p>\n<p>F: Wieso nur M\u00e4nner? Habt Ihr etwas gegen Frauen?<br \/>\nA: Im Gegenteil. Allerdings fehlt Infrastruktur f\u00fcr ein gemischtes Wohnheim.<\/p>\n<p>F: Kann mich denn meine Freundin besuchen kommen?<br \/>\nA: Nat\u00fcrlich.<\/p>\n<p>F: Wie sind die Zimmer m\u00f6bliert?<br \/>\nA: Die Zimmer verf\u00fcgen \u00fcber Schreibtisch, -stuhl, Kleiderschrank, Bett mit Matratze, Regal, Schreibtischlampe.<\/p>\n<p>F: Kann ich eigene M\u00f6bel mitbringen?<br \/>\nA: Sicher.<\/p>\n<p>F: Wer \u00fcbernimmt die Reinigung des Hauses?<br \/>\nA: F\u00fcr die Reinigung Deines Zimmers bist Du verantwortlich.<br \/>\nDie Gemeinschaftsr\u00e4ume werden regelm\u00e4\u00dfig gereinigt.<\/p>\n<p>F: Und meine W\u00e4sche?<br \/>\nA: Die kannst Du im Keller waschen und trocknen.<\/p>\n<p>F: Und nun?<br \/>\nA: Lass uns herausfinden, ob Du zu den anderen Bewohnern passt, und die zu Dir.<br \/>\nSchreibe uns ein <a href=\"mailto:jk@studentenwohnheim-julius-kuehn.de\">E-Mail<\/a>, wann Du in G\u00f6ttingen bist, und wir vereinbaren ein Treffen. Dann kannst Du Dir auch das Haus ansehen.<\/p>\n","protected":false},"excerpt":{"rendered":"<p>F: Wem geh\u00f6rt das Wohnheim? A: Eigent\u00fcmer ist die Studentenwohnheim Genossenschaft eG, Betreiber Studentenwohnheim Julius K\u00fchn e. V. F: Muss ich Genossenschafts-Anteile erwerben? A: Nein F: Wie, nein? A: Die Genossenschaft besteht aus &#8222;Ehemaligen&#8220;, die auf diese Weise etwas an die Nachfolgenden zur\u00fcckgeben. Ein umgekehrter Generationenvertrag quasi. F: Wer kann ein Zimmer im Wohnheim mieten? [&hellip;]<\/p>\n","protected":false},"author":1,"featured_media":0,"parent":0,"menu_order":20,"comment_status":"closed","ping_status":"closed","template":"","meta":{"footnotes":""},"class_list":["post-38","page","type-page","status-publish","hentry"],"_links":{"self":[{"href":"https:\/\/www.studentenwohnheim-julius-kuehn.de\/index.php?rest_route=\/wp\/v2\/pages\/38","targetHints":{"allow":["GET"]}}],"collection":[{"href":"https:\/\/www.studentenwohnheim-julius-kuehn.de\/index.php?rest_route=\/wp\/v2\/pages"}],"about":[{"href":"https:\/\/www.studentenwohnheim-julius-kuehn.de\/index.php?rest_route=\/wp\/v2\/types\/page"}],"author":[{"embeddable":true,"href":"https:\/\/www.studentenwohnheim-julius-kuehn.de\/index.php?rest_route=\/wp\/v2\/users\/1"}],"replies":[{"embeddable":true,"href":"https:\/\/www.studentenwohnheim-julius-kuehn.de\/index.php?rest_route=%2Fwp%2Fv2%2Fcomments&post=38"}],"version-history":[{"count":10,"href":"https:\/\/www.studentenwohnheim-julius-kuehn.de\/index.php?rest_route=\/wp\/v2\/pages\/38\/revisions"}],"predecessor-version":[{"id":475,"href":"https:\/\/www.studentenwohnheim-julius-kuehn.de\/index.php?rest_route=\/wp\/v2\/pages\/38\/revisions\/475"}],"wp:attachment":[{"href":"https:\/\/www.studentenwohnheim-julius-kuehn.de\/index.php?rest_route=%2Fwp%2Fv2%2Fmedia&parent=38"}],"curies":[{"name":"wp","href":"https:\/\/api.w.org\/{rel}","templated":true}]}}