{"id":6,"date":"2013-03-05T10:43:22","date_gmt":"2013-03-05T08:43:22","guid":{"rendered":"http:\/\/www.studentenwohnheim-julius-kuehn.de\/?page_id=6"},"modified":"2019-08-14T10:17:04","modified_gmt":"2019-08-14T08:17:04","slug":"start","status":"publish","type":"page","link":"https:\/\/www.studentenwohnheim-julius-kuehn.de\/?page_id=6","title":{"rendered":"Start"},"content":{"rendered":"<p align=\"justify\">F\u00fcr Erstsemester stellt sich zu Studienbeginn die Frage:<\/p>\n<p align=\"center\"><strong>&#8222;Wo soll ich wohnen?&#8220; <\/strong><\/p>\n<p align=\"justify\">Zentral, in Uni-N\u00e4he, nahe der Innenstadt, preiswert und wohnlich soll es sein.<\/p>\n<p align=\"justify\">Viele landen in einem anonymen Wohnheim. Andere finden ein kleines privates Zimmer in der Stadt, f\u00fchlen sich jedoch durch die Vermieter beobachtet.<\/p>\n<p align=\"justify\">In unserem Haus am Friedl\u00e4nder Weg 47<\/p>\n<p style=\"text-align: center;\" align=\"justify\"><img loading=\"lazy\" decoding=\"async\" class=\"aligncenter size-medium wp-image-340\" src=\"http:\/\/www.studentenwohnheim-julius-kuehn.de\/wp-content\/uploads\/2013\/07\/Haus-total-front-3-201x300.jpg\" alt=\"Haus-total-front-3\" width=\"201\" height=\"300\" srcset=\"https:\/\/www.studentenwohnheim-julius-kuehn.de\/wp-content\/uploads\/2013\/07\/Haus-total-front-3-201x300.jpg 201w, https:\/\/www.studentenwohnheim-julius-kuehn.de\/wp-content\/uploads\/2013\/07\/Haus-total-front-3-687x1024.jpg 687w, https:\/\/www.studentenwohnheim-julius-kuehn.de\/wp-content\/uploads\/2013\/07\/Haus-total-front-3-690x1028.jpg 690w, https:\/\/www.studentenwohnheim-julius-kuehn.de\/wp-content\/uploads\/2013\/07\/Haus-total-front-3-980x1461.jpg 980w\" sizes=\"auto, (max-width: 201px) 100vw, 201px\" \/><\/p>\n<p align=\"justify\">bieten wir Studenten Wohnen in zentraler Lage. Hier leben 6-8 weitere Studenten verschiedenster Studienrichtungen und Herkunft. So sind erste Kontakte in G\u00f6ttingen schnell gekn\u00fcpft und von Erfahrungen \u00e4lterer Semester profitiert.<\/p>\n<p align=\"justify\">Abends entsteht meistens eine gesellige Runde in unserem Aufenthaltsraum,<\/p>\n<p align=\"center\"><img loading=\"lazy\" decoding=\"async\" class=\"aligncenter size-medium wp-image-65\" src=\"http:\/\/www.studentenwohnheim-julius-kuehn.de\/wp-content\/uploads\/2013\/03\/aufenthaltsraum-1-300x199.jpg\" alt=\"aufenthaltsraum-1\" width=\"300\" height=\"199\" \/><\/p>\n<p style=\"text-align: left;\" align=\"left\">in der Bar im Erdgeschoss<\/p>\n<p style=\"text-align: center;\" align=\"left\"><img loading=\"lazy\" decoding=\"async\" class=\"aligncenter size-medium wp-image-94\" src=\"http:\/\/www.studentenwohnheim-julius-kuehn.de\/wp-content\/uploads\/2013\/03\/schankraum-2-300x199.jpg\" alt=\"schankraum-2\" width=\"300\" height=\"199\" \/><\/p>\n<p align=\"left\">oder in der Kellerbar, die im Sommer eine angenehme Temperatur hat.<\/p>\n<p align=\"left\">Das Haus wurde 1997 komplett renoviert und wird aktuell gehalten.<\/p>\n<p align=\"left\">\n<p align=\"left\">Die <a title=\"Zimmer\" href=\"http:\/\/www.studentenwohnheim-julius-kuehn.de\/?page_id=128\">Zimmer<\/a> sind 20-25m\u00b2 gro\u00df, voll m\u00f6bliert und kosten zwischen 80 \u20ac und 160 \u20ac.<\/p>\n<p align=\"left\">Das beinhaltet die Nebenkosten wie Strom, Wasser, Heizung, &#8230;.<\/p>\n<p align=\"left\">Es steht kostenloser Internetzugang zur Verf\u00fcgung, auch WiFi im eigenen Zimmer.<\/p>\n<p style=\"text-align: left;\" align=\"justify\">Zur Freizeitbesch\u00e4ftigung gibt es einen Billardraum<\/p>\n<p align=\"center\"><img loading=\"lazy\" decoding=\"async\" class=\"aligncenter size-full wp-image-14\" src=\"http:\/\/www.studentenwohnheim-julius-kuehn.de\/wp-content\/uploads\/2013\/03\/billard-zimmer.jpg\" alt=\"billard-zimmer\" width=\"300\" height=\"225\" \/><\/p>\n<p style=\"text-align: left;\" align=\"center\">und es finden sich oft einige Mitbewohner zum Kartenspielen im Wintergarten.<\/p>\n<p style=\"text-align: center;\" align=\"center\"><img loading=\"lazy\" decoding=\"async\" class=\"aligncenter size-medium wp-image-334\" src=\"http:\/\/www.studentenwohnheim-julius-kuehn.de\/wp-content\/uploads\/2013\/07\/Haus-front-terrasse-wintergarten-1-200x300.jpg\" alt=\"Haus-front-terrasse-wintergarten-1\" width=\"200\" height=\"300\" srcset=\"https:\/\/www.studentenwohnheim-julius-kuehn.de\/wp-content\/uploads\/2013\/07\/Haus-front-terrasse-wintergarten-1-200x300.jpg 200w, https:\/\/www.studentenwohnheim-julius-kuehn.de\/wp-content\/uploads\/2013\/07\/Haus-front-terrasse-wintergarten-1-683x1024.jpg 683w, https:\/\/www.studentenwohnheim-julius-kuehn.de\/wp-content\/uploads\/2013\/07\/Haus-front-terrasse-wintergarten-1-690x1034.jpg 690w, https:\/\/www.studentenwohnheim-julius-kuehn.de\/wp-content\/uploads\/2013\/07\/Haus-front-terrasse-wintergarten-1-980x1468.jpg 980w\" sizes=\"auto, (max-width: 200px) 100vw, 200px\" \/><\/p>\n<p style=\"text-align: left;\" align=\"center\">Im Sommer wird regelm\u00e4\u00dfig im gro\u00dfz\u00fcgigen Garten oder auf der Terrasse gegrillt,<\/p>\n<p style=\"text-align: center;\" align=\"center\"><img loading=\"lazy\" decoding=\"async\" class=\"aligncenter size-medium wp-image-331\" src=\"http:\/\/www.studentenwohnheim-julius-kuehn.de\/wp-content\/uploads\/2013\/07\/Haus-back-1-300x200.jpg\" alt=\"Haus-back-1\" width=\"300\" height=\"200\" srcset=\"https:\/\/www.studentenwohnheim-julius-kuehn.de\/wp-content\/uploads\/2013\/07\/Haus-back-1-300x200.jpg 300w, https:\/\/www.studentenwohnheim-julius-kuehn.de\/wp-content\/uploads\/2013\/07\/Haus-back-1-1024x683.jpg 1024w, https:\/\/www.studentenwohnheim-julius-kuehn.de\/wp-content\/uploads\/2013\/07\/Haus-back-1-690x461.jpg 690w, https:\/\/www.studentenwohnheim-julius-kuehn.de\/wp-content\/uploads\/2013\/07\/Haus-back-1-980x654.jpg 980w\" sizes=\"auto, (max-width: 300px) 100vw, 300px\" \/><\/p>\n<p style=\"text-align: left;\" align=\"center\">wozu G\u00e4ste herzlich eingeladen sind und immer wieder gerne kommen.<\/p>\n<p style=\"text-align: left;\" align=\"center\">Zur Vereinbarung Deines Besichtigungstermins, schicke uns bitte ein <a href=\"mailto:jk@studentenwohnheim-julius-kuehn.de\">E-Mail<\/a>.<\/p>\n","protected":false},"excerpt":{"rendered":"<p>F\u00fcr Erstsemester stellt sich zu Studienbeginn die Frage: &#8222;Wo soll ich wohnen?&#8220; Zentral, in Uni-N\u00e4he, nahe der Innenstadt, preiswert und wohnlich soll es sein. Viele landen in einem anonymen Wohnheim. Andere finden ein kleines privates Zimmer in der Stadt, f\u00fchlen sich jedoch durch die Vermieter beobachtet. In unserem Haus am Friedl\u00e4nder Weg 47 bieten wir [&hellip;]<\/p>\n","protected":false},"author":1,"featured_media":0,"parent":0,"menu_order":10,"comment_status":"closed","ping_status":"closed","template":"","meta":{"footnotes":""},"class_list":["post-6","page","type-page","status-publish","hentry"],"_links":{"self":[{"href":"https:\/\/www.studentenwohnheim-julius-kuehn.de\/index.php?rest_route=\/wp\/v2\/pages\/6","targetHints":{"allow":["GET"]}}],"collection":[{"href":"https:\/\/www.studentenwohnheim-julius-kuehn.de\/index.php?rest_route=\/wp\/v2\/pages"}],"about":[{"href":"https:\/\/www.studentenwohnheim-julius-kuehn.de\/index.php?rest_route=\/wp\/v2\/types\/page"}],"author":[{"embeddable":true,"href":"https:\/\/www.studentenwohnheim-julius-kuehn.de\/index.php?rest_route=\/wp\/v2\/users\/1"}],"replies":[{"embeddable":true,"href":"https:\/\/www.studentenwohnheim-julius-kuehn.de\/index.php?rest_route=%2Fwp%2Fv2%2Fcomments&post=6"}],"version-history":[{"count":31,"href":"https:\/\/www.studentenwohnheim-julius-kuehn.de\/index.php?rest_route=\/wp\/v2\/pages\/6\/revisions"}],"predecessor-version":[{"id":446,"href":"https:\/\/www.studentenwohnheim-julius-kuehn.de\/index.php?rest_route=\/wp\/v2\/pages\/6\/revisions\/446"}],"wp:attachment":[{"href":"https:\/\/www.studentenwohnheim-julius-kuehn.de\/index.php?rest_route=%2Fwp%2Fv2%2Fmedia&parent=6"}],"curies":[{"name":"wp","href":"https:\/\/api.w.org\/{rel}","templated":true}]}}